{"id":6448,"date":"2026-02-23T11:24:40","date_gmt":"2026-02-23T11:24:40","guid":{"rendered":"https:\/\/derebakliyat.de\/produkt\/kichererbsen-500-gr\/"},"modified":"2026-03-04T14:27:53","modified_gmt":"2026-03-04T14:27:53","slug":"getrocknete-kocbasi-kichererbsen-500-g","status":"publish","type":"product","link":"https:\/\/derebakliyat.de\/en\/product\/getrocknete-kocbasi-kichererbsen-500-g\/","title":{"rendered":"Dried Chickpeas (Kabuli Type) 500 g"},"content":{"rendered":"","protected":false},"excerpt":{"rendered":"<p><span style=\"font-weight: 400;\">Diese Kichererbsen sind eine besonders hochwertige Sorte, die in der T\u00fcrkei wegen ihrer gro\u00dfen, kantigen Form, die an einen Widderkopf erinnert, als Ko\u00e7ba\u015f\u0131-Kichererbsen bekannt ist. Durch ihre d\u00fcnne Schale garen sie leicht, bleiben angenehm zart und hinterlassen kaum Schalenreste. Als n\u00e4hrstoffreiche H\u00fclsenfrucht mit hohem Protein und Ballaststoffgehalt eignen sie sich ideal f\u00fcr Kichererbsengerichte mit Fleisch, Hummus, Salate und Suppen. Wenn Sie Kichererbsen suchen, die geschmacklich \u00fcberzeugen und zuverl\u00e4ssig gelingen, sollten Sie dieses Produkt unserer Marke unbedingt probieren.<\/span><\/p>\n<p><b>Zubereitungstipp:<\/b><span style=\"font-weight: 400;\"> F\u00fcr beste Ergebnisse die Kichererbsen vor dem Kochen in der Regel etwa 8 Stunden in Wasser einweichen.<\/span><\/p>","protected":false},"featured_media":806,"comment_status":"open","ping_status":"closed","template":"","meta":{"_acf_changed":false},"product_brand":[],"product_cat":[22],"product_tag":[],"class_list":{"0":"post-6448","1":"product","2":"type-product","3":"status-publish","4":"has-post-thumbnail","6":"product_cat-hulsenfruchte","8":"first","9":"instock","10":"shipping-taxable","11":"product-type-simple"},"acf":[],"_links":{"self":[{"href":"https:\/\/derebakliyat.de\/en\/wp-json\/wp\/v2\/product\/6448","targetHints":{"allow":["GET"]}}],"collection":[{"href":"https:\/\/derebakliyat.de\/en\/wp-json\/wp\/v2\/product"}],"about":[{"href":"https:\/\/derebakliyat.de\/en\/wp-json\/wp\/v2\/types\/product"}],"replies":[{"embeddable":true,"href":"https:\/\/derebakliyat.de\/en\/wp-json\/wp\/v2\/comments?post=6448"}],"wp:featuredmedia":[{"embeddable":true,"href":"https:\/\/derebakliyat.de\/en\/wp-json\/wp\/v2\/media\/806"}],"wp:attachment":[{"href":"https:\/\/derebakliyat.de\/en\/wp-json\/wp\/v2\/media?parent=6448"}],"wp:term":[{"taxonomy":"product_brand","embeddable":true,"href":"https:\/\/derebakliyat.de\/en\/wp-json\/wp\/v2\/product_brand?post=6448"},{"taxonomy":"product_cat","embeddable":true,"href":"https:\/\/derebakliyat.de\/en\/wp-json\/wp\/v2\/product_cat?post=6448"},{"taxonomy":"product_tag","embeddable":true,"href":"https:\/\/derebakliyat.de\/en\/wp-json\/wp\/v2\/product_tag?post=6448"}],"curies":[{"name":"wp","href":"https:\/\/api.w.org\/{rel}","templated":true}]}}