{"id":6445,"date":"2026-02-23T11:24:40","date_gmt":"2026-02-23T11:24:40","guid":{"rendered":"https:\/\/derebakliyat.de\/produkt\/weizengrutze-grob-500-gr\/"},"modified":"2026-03-08T09:21:25","modified_gmt":"2026-03-08T09:21:25","slug":"weizengrutze-grob-500-g","status":"publish","type":"product","link":"https:\/\/derebakliyat.de\/en\/product\/weizengrutze-grob-500-g\/","title":{"rendered":"Coarse Cracked Wheat 500 g"},"content":{"rendered":"","protected":false},"excerpt":{"rendered":"<p><span style=\"font-weight: 400;\">Grobe Weizengr\u00fctze ist die ideale Basis f\u00fcr Pilaw-Gerichte, bei denen es auf eine k\u00f6rnige Struktur und einen kr\u00e4ftigen Biss ankommt. Durch die gr\u00f6bere K\u00f6rnung bleibt sie beim Garen formstabil, nimmt Br\u00fche, Butter oder \u00d6l gleichm\u00e4\u00dfig auf und entwickelt dabei ein rundes, vollmundiges Aroma. Ob als klassische Beilage zu Fleisch und Gem\u00fcse, als Bestandteil von Eint\u00f6pfen oder als herzhafte Pfannenvariante, grobe Bulgur sorgt f\u00fcr ein s\u00e4ttigendes Ergebnis und vielseitige Einsatzm\u00f6glichkeiten in der K\u00fcche.<\/span><\/p>\n<p><b>Zubereitungstipp:<\/b><span style=\"font-weight: 400;\"> F\u00fcr beste Ergebnisse die grobe Weizengr\u00fctze vor dem Kochen kurz waschen. Anschlie\u00dfend wie Pilaw zubereiten: in etwas \u00d6l oder Butter leicht anr\u00f6sten, mit Wasser oder Br\u00fche aufgie\u00dfen und bei niedriger Hitze gar ziehen lassen.<\/span><\/p>","protected":false},"featured_media":803,"comment_status":"open","ping_status":"closed","template":"","meta":{"_acf_changed":false},"product_brand":[],"product_cat":[21],"product_tag":[],"class_list":{"0":"post-6445","1":"product","2":"type-product","3":"status-publish","4":"has-post-thumbnail","6":"product_cat-getreideprodukte","8":"first","9":"instock","10":"shipping-taxable","11":"product-type-simple"},"acf":[],"_links":{"self":[{"href":"https:\/\/derebakliyat.de\/en\/wp-json\/wp\/v2\/product\/6445","targetHints":{"allow":["GET"]}}],"collection":[{"href":"https:\/\/derebakliyat.de\/en\/wp-json\/wp\/v2\/product"}],"about":[{"href":"https:\/\/derebakliyat.de\/en\/wp-json\/wp\/v2\/types\/product"}],"replies":[{"embeddable":true,"href":"https:\/\/derebakliyat.de\/en\/wp-json\/wp\/v2\/comments?post=6445"}],"wp:featuredmedia":[{"embeddable":true,"href":"https:\/\/derebakliyat.de\/en\/wp-json\/wp\/v2\/media\/803"}],"wp:attachment":[{"href":"https:\/\/derebakliyat.de\/en\/wp-json\/wp\/v2\/media?parent=6445"}],"wp:term":[{"taxonomy":"product_brand","embeddable":true,"href":"https:\/\/derebakliyat.de\/en\/wp-json\/wp\/v2\/product_brand?post=6445"},{"taxonomy":"product_cat","embeddable":true,"href":"https:\/\/derebakliyat.de\/en\/wp-json\/wp\/v2\/product_cat?post=6445"},{"taxonomy":"product_tag","embeddable":true,"href":"https:\/\/derebakliyat.de\/en\/wp-json\/wp\/v2\/product_tag?post=6445"}],"curies":[{"name":"wp","href":"https:\/\/api.w.org\/{rel}","templated":true}]}}