{"id":6438,"date":"2026-02-23T11:24:39","date_gmt":"2026-02-23T11:24:39","guid":{"rendered":"https:\/\/derebakliyat.de\/produkt\/rote-linsen-2500-gr\/"},"modified":"2026-03-08T09:13:55","modified_gmt":"2026-03-08T09:13:55","slug":"rote-linsen-2500-g","status":"publish","type":"product","link":"https:\/\/derebakliyat.de\/en\/product\/rote-linsen-2500-g\/","title":{"rendered":"Red Lentils 2500 g"},"content":{"rendered":"","protected":false},"excerpt":{"rendered":"<p><span style=\"font-weight: 400;\">Rote Linsen sind eine besondere Linsensorte mit kleinen, runden K\u00f6rnern. Nach dem Entfernen der Schale wird der innere Kern mit einem Hauch Baumwollsamen\u00f6l leicht ge\u00f6lt und dadurch sanft poliert. Dank ihrer feinen Struktur werden sie schnell weich und garen z\u00fcgig. Ihr milder Geschmack macht sie ideal f\u00fcr Suppen, Saucen und P\u00fcrees, in denen eine glatte, cremige Konsistenz gefragt ist. In Salaten liefern sie eine angenehme S\u00e4ttigung und eine ausgewogene Textur. Mit ihrem hohen Gehalt an Ballaststoffen und Protein, ihrem Mineralstoffreichtum und ihrer glutenfreien Eigenschaft sind rote Fu\u00dfballlinsen eine praktische und n\u00e4hrstoffreiche Wahl f\u00fcr den Alltag. Entdecken Sie diesen Geschmack unbed\u0131ngt mit Dere.<\/span><\/p>\n<p><b>Zubereitungstipp:<\/b><span style=\"font-weight: 400;\"> Vor dem Kochen reicht es aus, die Linsen kurz zu waschen und abtropfen zu lassen. Anschlie\u00dfend k\u00f6nnen Sie sie direkt garen.<\/span><\/p>","protected":false},"featured_media":387,"comment_status":"open","ping_status":"closed","template":"","meta":{"_acf_changed":false},"product_brand":[],"product_cat":[22],"product_tag":[],"class_list":{"0":"post-6438","1":"product","2":"type-product","3":"status-publish","4":"has-post-thumbnail","6":"product_cat-hulsenfruchte","8":"first","9":"instock","10":"shipping-taxable","11":"product-type-simple"},"acf":[],"_links":{"self":[{"href":"https:\/\/derebakliyat.de\/en\/wp-json\/wp\/v2\/product\/6438","targetHints":{"allow":["GET"]}}],"collection":[{"href":"https:\/\/derebakliyat.de\/en\/wp-json\/wp\/v2\/product"}],"about":[{"href":"https:\/\/derebakliyat.de\/en\/wp-json\/wp\/v2\/types\/product"}],"replies":[{"embeddable":true,"href":"https:\/\/derebakliyat.de\/en\/wp-json\/wp\/v2\/comments?post=6438"}],"wp:featuredmedia":[{"embeddable":true,"href":"https:\/\/derebakliyat.de\/en\/wp-json\/wp\/v2\/media\/387"}],"wp:attachment":[{"href":"https:\/\/derebakliyat.de\/en\/wp-json\/wp\/v2\/media?parent=6438"}],"wp:term":[{"taxonomy":"product_brand","embeddable":true,"href":"https:\/\/derebakliyat.de\/en\/wp-json\/wp\/v2\/product_brand?post=6438"},{"taxonomy":"product_cat","embeddable":true,"href":"https:\/\/derebakliyat.de\/en\/wp-json\/wp\/v2\/product_cat?post=6438"},{"taxonomy":"product_tag","embeddable":true,"href":"https:\/\/derebakliyat.de\/en\/wp-json\/wp\/v2\/product_tag?post=6438"}],"curies":[{"name":"wp","href":"https:\/\/api.w.org\/{rel}","templated":true}]}}