{"id":6437,"date":"2026-02-23T11:24:39","date_gmt":"2026-02-23T11:24:39","guid":{"rendered":"https:\/\/derebakliyat.de\/produkt\/dermason-weisse-bohnen-9-mm-5000-gr\/"},"modified":"2026-03-04T14:30:10","modified_gmt":"2026-03-04T14:30:10","slug":"getrocknete-weisse-dermason-bohnen-9-mm-5000-g","status":"publish","type":"product","link":"https:\/\/derebakliyat.de\/en\/product\/getrocknete-weisse-dermason-bohnen-9-mm-5000-g\/","title":{"rendered":"Dried White Dermason Beans (9 mm) 5000 g"},"content":{"rendered":"","protected":false},"excerpt":{"rendered":"<p><span style=\"font-weight: 400;\">Getrocknete Dermason-Bohnen sind eine beliebte, gro\u00dfk\u00f6rnige Bohnensorte aus der T\u00fcrkei. Die K\u00f6rner sind wei\u00df, flach-oval und angenehm gro\u00df. Schon im trockenen Zustand erkennt man ihre gleichm\u00e4\u00dfige Qualit\u00e4t. Nach dem Kochen \u00fcberzeugen sie besonders: formstabil, glatt in der Textur und mit mild-nussigem Geschmack. Dank ihrer d\u00fcnnen Schale sind Dermason-Bohnen daf\u00fcr bekannt, vergleichsweise schnell weich zu werden und dabei kaum \u201cSchalenreste\u201d zu hinterlassen. Mit ihrem hohen Protein- und Ballaststoffgehalt sind sie eine starke Basis f\u00fcr herzhafte und ausgewogene Mahlzeiten. Dank dieser Besonderheit sind sie ideal f\u00fcr Eint\u00f6pfe &amp; Schmorgerichte, Suppen, Salate und P\u00fcrees. <\/span><\/p>","protected":false},"featured_media":797,"comment_status":"open","ping_status":"closed","template":"","meta":{"_acf_changed":false},"product_brand":[],"product_cat":[22],"product_tag":[],"class_list":{"0":"post-6437","1":"product","2":"type-product","3":"status-publish","4":"has-post-thumbnail","6":"product_cat-hulsenfruchte","8":"first","9":"instock","10":"shipping-taxable","11":"product-type-simple"},"acf":[],"_links":{"self":[{"href":"https:\/\/derebakliyat.de\/en\/wp-json\/wp\/v2\/product\/6437","targetHints":{"allow":["GET"]}}],"collection":[{"href":"https:\/\/derebakliyat.de\/en\/wp-json\/wp\/v2\/product"}],"about":[{"href":"https:\/\/derebakliyat.de\/en\/wp-json\/wp\/v2\/types\/product"}],"replies":[{"embeddable":true,"href":"https:\/\/derebakliyat.de\/en\/wp-json\/wp\/v2\/comments?post=6437"}],"wp:featuredmedia":[{"embeddable":true,"href":"https:\/\/derebakliyat.de\/en\/wp-json\/wp\/v2\/media\/797"}],"wp:attachment":[{"href":"https:\/\/derebakliyat.de\/en\/wp-json\/wp\/v2\/media?parent=6437"}],"wp:term":[{"taxonomy":"product_brand","embeddable":true,"href":"https:\/\/derebakliyat.de\/en\/wp-json\/wp\/v2\/product_brand?post=6437"},{"taxonomy":"product_cat","embeddable":true,"href":"https:\/\/derebakliyat.de\/en\/wp-json\/wp\/v2\/product_cat?post=6437"},{"taxonomy":"product_tag","embeddable":true,"href":"https:\/\/derebakliyat.de\/en\/wp-json\/wp\/v2\/product_tag?post=6437"}],"curies":[{"name":"wp","href":"https:\/\/api.w.org\/{rel}","templated":true}]}}