{"id":6435,"date":"2026-02-23T11:24:39","date_gmt":"2026-02-23T11:24:39","guid":{"rendered":"https:\/\/derebakliyat.de\/produkt\/weisse-bohnen-5000-gr\/"},"modified":"2026-03-04T14:29:55","modified_gmt":"2026-03-04T14:29:55","slug":"getrocknete-weisse-cali-bohnen-5000-g","status":"publish","type":"product","link":"https:\/\/derebakliyat.de\/en\/product\/getrocknete-weisse-cali-bohnen-5000-g\/","title":{"rendered":"Dried White Beans (\u00c7al\u0131) 5000 g"},"content":{"rendered":"","protected":false},"excerpt":{"rendered":"<p><span style=\"font-weight: 400;\">Wei\u00dfe Bohnen der \u00c7al\u0131-Sorte sind in der mediterranen K\u00fcche eine besonders beliebte H\u00fclsenfrucht, die durch ihre leichte Art und ihre vielseitige Verwendung \u00fcberzeugt. Getrocknete wei\u00dfe Bohnen von Dere sind eine schmackhafte Alternative f\u00fcr klassische Bohnengerichte und passen ebenso gut zu Rezepten wie Pilaki oder zu Schmor und Eintopfgerichten mit Oliven\u00f6l und Sauce. In Salaten sorgen sie f\u00fcr eine angenehm s\u00e4ttigende Textur, und gekocht eignen sie sich auch hervorragend f\u00fcr P\u00fcrees sowie f\u00fcr Meze Rezepte, bei denen eine glatte, ausgewogene Konsistenz gefragt ist. Dank ihrer gut kochenden Kornstruktur sind sie in der K\u00fcche besonders praktisch und durch ihren hohen N\u00e4hrwert eine starke und verl\u00e4ssliche Wahl f\u00fcr die t\u00e4gliche Ern\u00e4hrung.<\/span><\/p>\n<p><b>Zubereitungstipp:<\/b><span style=\"font-weight: 400;\"> F\u00fcr beste Ergebnisse die wei\u00dfen Bohnen vor dem Kochen waschen und je nach gew\u00fcnschter Garzeit einige Stunden in Wasser einweichen.<\/span><\/p>","protected":false},"featured_media":789,"comment_status":"open","ping_status":"closed","template":"","meta":{"_acf_changed":false},"product_brand":[],"product_cat":[22],"product_tag":[],"class_list":{"0":"post-6435","1":"product","2":"type-product","3":"status-publish","4":"has-post-thumbnail","6":"product_cat-hulsenfruchte","8":"first","9":"instock","10":"shipping-taxable","11":"product-type-simple"},"acf":[],"_links":{"self":[{"href":"https:\/\/derebakliyat.de\/en\/wp-json\/wp\/v2\/product\/6435","targetHints":{"allow":["GET"]}}],"collection":[{"href":"https:\/\/derebakliyat.de\/en\/wp-json\/wp\/v2\/product"}],"about":[{"href":"https:\/\/derebakliyat.de\/en\/wp-json\/wp\/v2\/types\/product"}],"replies":[{"embeddable":true,"href":"https:\/\/derebakliyat.de\/en\/wp-json\/wp\/v2\/comments?post=6435"}],"wp:featuredmedia":[{"embeddable":true,"href":"https:\/\/derebakliyat.de\/en\/wp-json\/wp\/v2\/media\/789"}],"wp:attachment":[{"href":"https:\/\/derebakliyat.de\/en\/wp-json\/wp\/v2\/media?parent=6435"}],"wp:term":[{"taxonomy":"product_brand","embeddable":true,"href":"https:\/\/derebakliyat.de\/en\/wp-json\/wp\/v2\/product_brand?post=6435"},{"taxonomy":"product_cat","embeddable":true,"href":"https:\/\/derebakliyat.de\/en\/wp-json\/wp\/v2\/product_cat?post=6435"},{"taxonomy":"product_tag","embeddable":true,"href":"https:\/\/derebakliyat.de\/en\/wp-json\/wp\/v2\/product_tag?post=6435"}],"curies":[{"name":"wp","href":"https:\/\/api.w.org\/{rel}","templated":true}]}}