{"id":6432,"date":"2026-02-23T11:24:39","date_gmt":"2026-02-23T11:24:39","guid":{"rendered":"https:\/\/derebakliyat.de\/produkt\/schwarze-bohnen-1000-gr\/"},"modified":"2026-03-08T09:29:11","modified_gmt":"2026-03-08T09:29:11","slug":"getrocknete-schwarze-bohnen-1000-g","status":"publish","type":"product","link":"https:\/\/derebakliyat.de\/en\/product\/getrocknete-schwarze-bohnen-1000-g\/","title":{"rendered":"Dried Black Beans 1000 g"},"content":{"rendered":"","protected":false},"excerpt":{"rendered":"<p><span style=\"font-weight: 400;\">Schwarze Bohnen sind eine n\u00e4hrstoffreiche H\u00fclsenfrucht, die sich dank ihres intensiven Aromas und ihrer weichen Textur vielseitig in der K\u00fcche verwenden l\u00e4sst. Durch ihren hohen Protein- und Ballaststoffgehalt tragen sie dazu bei, lange satt zu halten, und bilden eine gesunde Grundlage f\u00fcr viele s\u00e4ttigende Gerichte. Besonders die kleineren Sorten schwarzer Bohnen \u00fcberzeugen durch ihre praktische Verwendung: Sie eignen sich sowohl als Hauptzutat in Suppen und warmen Gerichten als auch als kr\u00e4ftige Erg\u00e4nzung f\u00fcr Beilagen. In Suppen bereichern sie die Textur und sorgen f\u00fcr eine vollere Konsistenz, in Salaten bringen sie Farbe sowie eine angenehme Struktur. Nach dem Kochen lassen sie sich au\u00dferdem leicht zerdr\u00fccken und sind ideal f\u00fcr hummus\u00e4hnliche Mischungen oder Dips. Dieses Produkt sollten Sie unbedingt auch in Dere-Qualit\u00e4t genie\u00dfen.\u00a0<\/span><\/p>\n<p><b>Zubereitungsempfehlung:<\/b><span style=\"font-weight: 400;\"> Getrocknete Bohnen \u00fcber Nacht in kaltem Wasser einweichen. Anschlie\u00dfend abgie\u00dfen, gr\u00fcndlich absp\u00fclen und wie gewohnt garen. <\/span><\/p>","protected":false},"featured_media":818,"comment_status":"open","ping_status":"closed","template":"","meta":{"_acf_changed":false},"product_brand":[],"product_cat":[22],"product_tag":[],"class_list":{"0":"post-6432","1":"product","2":"type-product","3":"status-publish","4":"has-post-thumbnail","6":"product_cat-hulsenfruchte","8":"first","9":"instock","10":"shipping-taxable","11":"product-type-simple"},"acf":[],"_links":{"self":[{"href":"https:\/\/derebakliyat.de\/en\/wp-json\/wp\/v2\/product\/6432","targetHints":{"allow":["GET"]}}],"collection":[{"href":"https:\/\/derebakliyat.de\/en\/wp-json\/wp\/v2\/product"}],"about":[{"href":"https:\/\/derebakliyat.de\/en\/wp-json\/wp\/v2\/types\/product"}],"replies":[{"embeddable":true,"href":"https:\/\/derebakliyat.de\/en\/wp-json\/wp\/v2\/comments?post=6432"}],"wp:featuredmedia":[{"embeddable":true,"href":"https:\/\/derebakliyat.de\/en\/wp-json\/wp\/v2\/media\/818"}],"wp:attachment":[{"href":"https:\/\/derebakliyat.de\/en\/wp-json\/wp\/v2\/media?parent=6432"}],"wp:term":[{"taxonomy":"product_brand","embeddable":true,"href":"https:\/\/derebakliyat.de\/en\/wp-json\/wp\/v2\/product_brand?post=6432"},{"taxonomy":"product_cat","embeddable":true,"href":"https:\/\/derebakliyat.de\/en\/wp-json\/wp\/v2\/product_cat?post=6432"},{"taxonomy":"product_tag","embeddable":true,"href":"https:\/\/derebakliyat.de\/en\/wp-json\/wp\/v2\/product_tag?post=6432"}],"curies":[{"name":"wp","href":"https:\/\/api.w.org\/{rel}","templated":true}]}}