{"id":6431,"date":"2026-02-23T11:24:39","date_gmt":"2026-02-23T11:24:39","guid":{"rendered":"https:\/\/derebakliyat.de\/produkt\/mungobohne-1000-gr\/"},"modified":"2026-04-06T12:21:50","modified_gmt":"2026-04-06T12:21:50","slug":"getrocknete-mungbohnen-1000-g","status":"publish","type":"product","link":"https:\/\/derebakliyat.de\/en\/product\/getrocknete-mungbohnen-1000-g\/","title":{"rendered":"Dried Mung Beans 1000 g"},"content":{"rendered":"","protected":false},"excerpt":{"rendered":"<p><span style=\"font-weight: 400;\">Mungbohnen sind eine besondere H\u00fclsenfrucht, die in der K\u00fcche vielseitig eingesetzt wird: Sie eignen sich sowohl f\u00fcr herzhafte als auch f\u00fcr s\u00fc\u00dfe Rezepte und \u00fcberzeugen als nat\u00fcrlicher Bestandteil, der Konsistenz und N\u00e4hrwert liefert. Besonders in Suppen und Eint\u00f6pfen werden getrocknete Mungbohnen gerne verwendet. Mungbohnen garen sch\u00f6n k\u00f6rnig und st\u00f6ren die Balance des Gerichts nicht, da ihr Geschmack nicht dominant ist. <\/span><\/p>\n<p><span style=\"font-weight: 400;\">Auch ern\u00e4hrungsphysiologisch ist es eine starke Wahl. Dank des hohen Ballaststoff- und Mineralstoffgehalts tr\u00e4gt es dazu bei, lange satt zu halten. Einer der gr\u00f6\u00dften Vorteile gegen\u00fcber \u00e4hnlichen H\u00fclsenfr\u00fcchten ist, dass es in der Regel leichter verdaulich ist und Menschen mit empfindlichem Magen oft eine angenehmere Vertr\u00e4glichkeit bietet. <\/span><\/p>\n<p><span style=\"font-weight: 400;\">Au\u00dferdem sind Mungbohnen von Natur aus glutenfrei. Daher sind sie eine wertvolle H\u00fclsenfrucht-Alternative, die sich besonders f\u00fcr Menschen mit Glutenunvertr\u00e4glichkeit und vor allem f\u00fcr Z\u00f6liakie-Betroffene gut eignet. Mit Ma\u015fbohnen kannst du im Alltag ganz praktisch n\u00e4hrstoffreiche, leichte und ausgewogene Gerichte zubereiten. Unbedingt probieren \u2013 mit der Qualit\u00e4t von Dere! <\/span><\/p>","protected":false},"featured_media":817,"comment_status":"open","ping_status":"closed","template":"","meta":{"_acf_changed":false},"product_brand":[],"product_cat":[22],"product_tag":[],"class_list":{"0":"post-6431","1":"product","2":"type-product","3":"status-publish","4":"has-post-thumbnail","6":"product_cat-hulsenfruchte","8":"first","9":"instock","10":"shipping-taxable","11":"product-type-simple"},"acf":[],"_links":{"self":[{"href":"https:\/\/derebakliyat.de\/en\/wp-json\/wp\/v2\/product\/6431","targetHints":{"allow":["GET"]}}],"collection":[{"href":"https:\/\/derebakliyat.de\/en\/wp-json\/wp\/v2\/product"}],"about":[{"href":"https:\/\/derebakliyat.de\/en\/wp-json\/wp\/v2\/types\/product"}],"replies":[{"embeddable":true,"href":"https:\/\/derebakliyat.de\/en\/wp-json\/wp\/v2\/comments?post=6431"}],"wp:featuredmedia":[{"embeddable":true,"href":"https:\/\/derebakliyat.de\/en\/wp-json\/wp\/v2\/media\/817"}],"wp:attachment":[{"href":"https:\/\/derebakliyat.de\/en\/wp-json\/wp\/v2\/media?parent=6431"}],"wp:term":[{"taxonomy":"product_brand","embeddable":true,"href":"https:\/\/derebakliyat.de\/en\/wp-json\/wp\/v2\/product_brand?post=6431"},{"taxonomy":"product_cat","embeddable":true,"href":"https:\/\/derebakliyat.de\/en\/wp-json\/wp\/v2\/product_cat?post=6431"},{"taxonomy":"product_tag","embeddable":true,"href":"https:\/\/derebakliyat.de\/en\/wp-json\/wp\/v2\/product_tag?post=6431"}],"curies":[{"name":"wp","href":"https:\/\/api.w.org\/{rel}","templated":true}]}}