{"id":6429,"date":"2026-02-23T11:24:39","date_gmt":"2026-02-23T11:24:39","guid":{"rendered":"https:\/\/derebakliyat.de\/produkt\/saubohnen-1000-gr\/"},"modified":"2026-03-08T08:59:52","modified_gmt":"2026-03-08T08:59:52","slug":"getrocknete-saubohnen-1000-g","status":"publish","type":"product","link":"https:\/\/derebakliyat.de\/en\/product\/getrocknete-saubohnen-1000-g\/","title":{"rendered":"Dried Fava Beans 1000 g"},"content":{"rendered":"","protected":false},"excerpt":{"rendered":"<p><span style=\"font-weight: 400;\">Saubohnen mit Schale, auch dicke Bohnen genannt, sind ganze, ungesch\u00e4lte H\u00fclsenfr\u00fcchte, die besonders in der traditionellen K\u00fcche gesch\u00e4tzt werden. Durch ihre k\u00f6rnige Struktur sind sie nicht nur angenehm bissfest, sondern auch ein wertvolles, nahrhaftes Lebensmittel f\u00fcr herzhafte Mahlzeiten. Als eine der ballaststoff- und proteinreichsten H\u00fclsenfr\u00fcchte liefern Saubohnen eine starke Basis f\u00fcr eine ausgewogene Ern\u00e4hrung. Ihr aromatisch-nussiger, leicht cremiger Geschmack macht sie zu einer k\u00f6stlichen Erg\u00e4nzung in Eint\u00f6pfen, Suppen und Gem\u00fcsegerichten \u2013 oder als kr\u00e4ftige Beilage zu deftigen Speisen. Dank des hohen Ballaststoffgehalts sorgen sie au\u00dferdem f\u00fcr ein lang anhaltendes S\u00e4ttigungsgef\u00fchl.\u00a0<\/span><\/p>\n<p><b>Zubereitungsempfehlung:<\/b><span style=\"font-weight: 400;\"> Getrocknete Saubohnen vor dem Kochen 12 Stunden in Wasser einweichen, anschlie\u00dfend abgie\u00dfen und wie gewohnt garen. <\/span><\/p>","protected":false},"featured_media":815,"comment_status":"open","ping_status":"closed","template":"","meta":{"_acf_changed":false},"product_brand":[],"product_cat":[22],"product_tag":[],"class_list":{"0":"post-6429","1":"product","2":"type-product","3":"status-publish","4":"has-post-thumbnail","6":"product_cat-hulsenfruchte","8":"first","9":"instock","10":"shipping-taxable","11":"product-type-simple"},"acf":[],"_links":{"self":[{"href":"https:\/\/derebakliyat.de\/en\/wp-json\/wp\/v2\/product\/6429","targetHints":{"allow":["GET"]}}],"collection":[{"href":"https:\/\/derebakliyat.de\/en\/wp-json\/wp\/v2\/product"}],"about":[{"href":"https:\/\/derebakliyat.de\/en\/wp-json\/wp\/v2\/types\/product"}],"replies":[{"embeddable":true,"href":"https:\/\/derebakliyat.de\/en\/wp-json\/wp\/v2\/comments?post=6429"}],"wp:featuredmedia":[{"embeddable":true,"href":"https:\/\/derebakliyat.de\/en\/wp-json\/wp\/v2\/media\/815"}],"wp:attachment":[{"href":"https:\/\/derebakliyat.de\/en\/wp-json\/wp\/v2\/media?parent=6429"}],"wp:term":[{"taxonomy":"product_brand","embeddable":true,"href":"https:\/\/derebakliyat.de\/en\/wp-json\/wp\/v2\/product_brand?post=6429"},{"taxonomy":"product_cat","embeddable":true,"href":"https:\/\/derebakliyat.de\/en\/wp-json\/wp\/v2\/product_cat?post=6429"},{"taxonomy":"product_tag","embeddable":true,"href":"https:\/\/derebakliyat.de\/en\/wp-json\/wp\/v2\/product_tag?post=6429"}],"curies":[{"name":"wp","href":"https:\/\/api.w.org\/{rel}","templated":true}]}}