{"id":6427,"date":"2026-02-23T11:24:38","date_gmt":"2026-02-23T11:24:38","guid":{"rendered":"https:\/\/derebakliyat.de\/produkt\/riesen-bohnen-1000-gr\/"},"modified":"2026-03-04T14:32:36","modified_gmt":"2026-03-04T14:32:36","slug":"getrocknete-weisse-riesenbohnen-1000-g","status":"publish","type":"product","link":"https:\/\/derebakliyat.de\/en\/product\/getrocknete-weisse-riesenbohnen-1000-g\/","title":{"rendered":"Dried Giant White Beans 1000 g"},"content":{"rendered":"","protected":false},"excerpt":{"rendered":"<p><span style=\"font-weight: 400;\">Getrocknete, wei\u00dfe Riesenohne geh\u00f6rt zu den gr\u00f6\u00dften Sorten der Bohnenfamilie. Ihre ovalen, prallen Bohnen behalten beim Garen ihre Form und sorgen auf dem Teller f\u00fcr eine besonders ansprechende Optik. Dank ihres hohen Proteingehalts bietet sie eine s\u00e4ttigende und zugleich n\u00e4hrstoffreiche Mahlzeit. Sie eignet sich hervorragend f\u00fcr Pilaki in Oliven\u00f6l, f\u00fcr Eint\u00f6pfe und Schmorgerichte mit Sauce. In Salaten verleiht sie dem Gericht durch ihre gro\u00dfen K\u00f6rner eine charaktervolle Textur. <\/span><\/p>\n<p><span style=\"font-weight: 400;\">Aufgrund ihrer dickeren Schale empfiehlt es sich, die Riesenbohnen vor dem Kochen unbedingt gut einzuweichen, damit sie gleichm\u00e4\u00dfiger und ausgewogener garen. Probieren Sie diese Bohnen unbedingt mit dem Unterschied von Dere. <\/span><\/p>","protected":false},"featured_media":813,"comment_status":"open","ping_status":"closed","template":"","meta":{"_acf_changed":false},"product_brand":[],"product_cat":[22],"product_tag":[],"class_list":{"0":"post-6427","1":"product","2":"type-product","3":"status-publish","4":"has-post-thumbnail","6":"product_cat-hulsenfruchte","8":"first","9":"instock","10":"shipping-taxable","11":"product-type-simple"},"acf":[],"_links":{"self":[{"href":"https:\/\/derebakliyat.de\/en\/wp-json\/wp\/v2\/product\/6427","targetHints":{"allow":["GET"]}}],"collection":[{"href":"https:\/\/derebakliyat.de\/en\/wp-json\/wp\/v2\/product"}],"about":[{"href":"https:\/\/derebakliyat.de\/en\/wp-json\/wp\/v2\/types\/product"}],"replies":[{"embeddable":true,"href":"https:\/\/derebakliyat.de\/en\/wp-json\/wp\/v2\/comments?post=6427"}],"wp:featuredmedia":[{"embeddable":true,"href":"https:\/\/derebakliyat.de\/en\/wp-json\/wp\/v2\/media\/813"}],"wp:attachment":[{"href":"https:\/\/derebakliyat.de\/en\/wp-json\/wp\/v2\/media?parent=6427"}],"wp:term":[{"taxonomy":"product_brand","embeddable":true,"href":"https:\/\/derebakliyat.de\/en\/wp-json\/wp\/v2\/product_brand?post=6427"},{"taxonomy":"product_cat","embeddable":true,"href":"https:\/\/derebakliyat.de\/en\/wp-json\/wp\/v2\/product_cat?post=6427"},{"taxonomy":"product_tag","embeddable":true,"href":"https:\/\/derebakliyat.de\/en\/wp-json\/wp\/v2\/product_tag?post=6427"}],"curies":[{"name":"wp","href":"https:\/\/api.w.org\/{rel}","templated":true}]}}