{"id":6420,"date":"2026-02-23T11:24:38","date_gmt":"2026-02-23T11:24:38","guid":{"rendered":"https:\/\/derebakliyat.de\/produkt\/grune-linsen-1000-gr\/"},"modified":"2026-03-08T09:31:29","modified_gmt":"2026-03-08T09:31:29","slug":"gruene-linsen-1000-g","status":"publish","type":"product","link":"https:\/\/derebakliyat.de\/en\/product\/gruene-linsen-1000-g\/","title":{"rendered":"Green Lentils 1000 g"},"content":{"rendered":"","protected":false},"excerpt":{"rendered":"<p><span style=\"font-weight: 400;\">Gr\u00fcne Linsen zeichnen sich durch ihren hohen Gehalt an pflanzlichem Eiwei\u00df von nahezu 25 Prozent aus und sind damit besonders in der veganen und vegetarischen Ern\u00e4hrung eine starke Alternative. Dank ihres Ballaststoffreichtums unterst\u00fctzen sie ein lang anhaltendes S\u00e4ttigungsgef\u00fchl und werden daher auch in Di\u00e4ten h\u00e4ufig bevorzugt. Sie eignen sich hervorragend f\u00fcr s\u00e4ttigende, n\u00e4hrstoffreiche Suppen und Hauptgerichte. <\/span><\/p>\n<p><span style=\"font-weight: 400;\">Gekocht und abgek\u00fchlt sind sie au\u00dferdem eine ideale Zutat f\u00fcr Salate. In Kombination mit Blattsalaten, Gem\u00fcse und einer kleinen Menge Oliven\u00f6l entsteht eine leckere und zugleich n\u00e4hrstoffreiche Salatvariante. Ebenso lassen sich gr\u00fcne Linsen mit Joghurt, frischen Kr\u00e4utern und Gew\u00fcrzen zu einer kalten Meze zubereiten.<\/span><\/p>\n<p>&nbsp;<\/p>\n<p><span style=\"font-weight: 400;\">Im Vergleich zu anderen Linsensorten haben gr\u00fcne Linsen eine festere Struktur und ein charakteristisches, erdiges Aroma. Gegen\u00fcber roten Linsen ben\u00f6tigen sie eine l\u00e4ngere Garzeit, behalten dabei jedoch ihre Form und zerfallen nicht.<\/span><\/p>\n<p><b>Zubereitungstipp:<\/b><span style=\"font-weight: 400;\"> F\u00fcr beste Ergebnisse empfiehlt es sich, die Linsen kurz einzuweichen und anschlie\u00dfend bei niedriger Hitze zu garen. Zur Unterst\u00fctzung von Geschmack und Bek\u00f6mmlichkeit k\u00f6nnen Sie dem Kochwasser Lorbeerblatt oder Kreuzk\u00fcmmel hinzuf\u00fcgen.<\/span><\/p>","protected":false},"featured_media":389,"comment_status":"open","ping_status":"closed","template":"","meta":{"_acf_changed":false},"product_brand":[],"product_cat":[22],"product_tag":[],"class_list":{"0":"post-6420","1":"product","2":"type-product","3":"status-publish","4":"has-post-thumbnail","6":"product_cat-hulsenfruchte","8":"first","9":"instock","10":"shipping-taxable","11":"product-type-simple"},"acf":[],"_links":{"self":[{"href":"https:\/\/derebakliyat.de\/en\/wp-json\/wp\/v2\/product\/6420","targetHints":{"allow":["GET"]}}],"collection":[{"href":"https:\/\/derebakliyat.de\/en\/wp-json\/wp\/v2\/product"}],"about":[{"href":"https:\/\/derebakliyat.de\/en\/wp-json\/wp\/v2\/types\/product"}],"replies":[{"embeddable":true,"href":"https:\/\/derebakliyat.de\/en\/wp-json\/wp\/v2\/comments?post=6420"}],"wp:featuredmedia":[{"embeddable":true,"href":"https:\/\/derebakliyat.de\/en\/wp-json\/wp\/v2\/media\/389"}],"wp:attachment":[{"href":"https:\/\/derebakliyat.de\/en\/wp-json\/wp\/v2\/media?parent=6420"}],"wp:term":[{"taxonomy":"product_brand","embeddable":true,"href":"https:\/\/derebakliyat.de\/en\/wp-json\/wp\/v2\/product_brand?post=6420"},{"taxonomy":"product_cat","embeddable":true,"href":"https:\/\/derebakliyat.de\/en\/wp-json\/wp\/v2\/product_cat?post=6420"},{"taxonomy":"product_tag","embeddable":true,"href":"https:\/\/derebakliyat.de\/en\/wp-json\/wp\/v2\/product_tag?post=6420"}],"curies":[{"name":"wp","href":"https:\/\/api.w.org\/{rel}","templated":true}]}}