{"id":6418,"date":"2026-02-23T11:24:38","date_gmt":"2026-02-23T11:24:38","guid":{"rendered":"https:\/\/derebakliyat.de\/produkt\/geschalter-weizen-1000-gr\/"},"modified":"2026-03-08T08:58:38","modified_gmt":"2026-03-08T08:58:38","slug":"geschalter-aschura-weizen-1000-g","status":"publish","type":"product","link":"https:\/\/derebakliyat.de\/en\/product\/geschalter-aschura-weizen-1000-g\/","title":{"rendered":"Peeled Ashura Wheat 1000 g"},"content":{"rendered":"","protected":false},"excerpt":{"rendered":"<p><span style=\"font-weight: 400;\">Aschura-Weizen ist gesch\u00e4lter Weizen in ganzen K\u00f6rnern, der vor allem f\u00fcr Aschura, aber auch f\u00fcr Ke\u015fkek, Suppen und Salate verwendet wird. F\u00fcr unsere Marke w\u00e4hlen wir Weizenk\u00f6rner aus, die beim Kochen sch\u00f6n k\u00f6rnig bleiben. Durch die gr\u00fcndliche Reinigung und sorgf\u00e4ltige Auslese erzielt der Weizen beim Garen eine ausgewogene Konsistenz, gibt dem Gericht mehr Struktur und sorgt f\u00fcr eine angenehme S\u00e4ttigung. Dank seines nat\u00fcrlichen Aromas eignet er sich gleicherma\u00dfen f\u00fcr s\u00fc\u00dfe wie f\u00fcr herzhafte Rezepte.<\/span><\/p>\n<p><b>Zubereitungstipp:<\/b><span style=\"font-weight: 400;\"> F\u00fcr die Zubereitung die K\u00f6rner vor dem Kochen waschen und anschlie\u00dfend in Wasser einweichen. So garen sie schneller und gleichm\u00e4\u00dfiger.<\/span><\/p>","protected":false},"featured_media":832,"comment_status":"open","ping_status":"closed","template":"","meta":{"_acf_changed":false},"product_brand":[],"product_cat":[21],"product_tag":[],"class_list":{"0":"post-6418","1":"product","2":"type-product","3":"status-publish","4":"has-post-thumbnail","6":"product_cat-getreideprodukte","8":"first","9":"instock","10":"shipping-taxable","11":"product-type-simple"},"acf":[],"_links":{"self":[{"href":"https:\/\/derebakliyat.de\/en\/wp-json\/wp\/v2\/product\/6418","targetHints":{"allow":["GET"]}}],"collection":[{"href":"https:\/\/derebakliyat.de\/en\/wp-json\/wp\/v2\/product"}],"about":[{"href":"https:\/\/derebakliyat.de\/en\/wp-json\/wp\/v2\/types\/product"}],"replies":[{"embeddable":true,"href":"https:\/\/derebakliyat.de\/en\/wp-json\/wp\/v2\/comments?post=6418"}],"wp:featuredmedia":[{"embeddable":true,"href":"https:\/\/derebakliyat.de\/en\/wp-json\/wp\/v2\/media\/832"}],"wp:attachment":[{"href":"https:\/\/derebakliyat.de\/en\/wp-json\/wp\/v2\/media?parent=6418"}],"wp:term":[{"taxonomy":"product_brand","embeddable":true,"href":"https:\/\/derebakliyat.de\/en\/wp-json\/wp\/v2\/product_brand?post=6418"},{"taxonomy":"product_cat","embeddable":true,"href":"https:\/\/derebakliyat.de\/en\/wp-json\/wp\/v2\/product_cat?post=6418"},{"taxonomy":"product_tag","embeddable":true,"href":"https:\/\/derebakliyat.de\/en\/wp-json\/wp\/v2\/product_tag?post=6418"}],"curies":[{"name":"wp","href":"https:\/\/api.w.org\/{rel}","templated":true}]}}