{"id":6415,"date":"2026-02-23T11:24:37","date_gmt":"2026-02-23T11:24:37","guid":{"rendered":"https:\/\/derebakliyat.de\/produkt\/weizengrutze-mit-gries-1000-gr\/"},"modified":"2026-03-04T14:34:09","modified_gmt":"2026-03-04T14:34:09","slug":"weizengruetze-mit-gries-ceris-sorte-1000-g","status":"publish","type":"product","link":"https:\/\/derebakliyat.de\/en\/product\/weizengruetze-mit-gries-ceris-sorte-1000-g\/","title":{"rendered":"Cracked Wheat with Semolina (Ceri\u015f Type) 1000 g"},"content":{"rendered":"","protected":false},"excerpt":{"rendered":"<p><span style=\"font-weight: 400;\">Ceri\u015f Bulgur ist eine hochwertige, grobk\u00f6rnige Weizengr\u00fctze aus sorgf\u00e4ltig ausgew\u00e4hlten Hartweizen. Sie ist ideal f\u00fcr alle, die traditionelle K\u00fcche lieben und gleichzeitig Wert auf N\u00e4hrstoffe legen. Durch Reinigung, Siebung und schonende Zerkleinerung entsteht ein Bulgur, der mit kr\u00e4ftigem Geschmack und angenehmer K\u00f6rnung \u00fcberzeugt. <\/span><\/p>\n<p>&nbsp;<\/p>\n<p><span style=\"font-weight: 400;\">Ob Pilaw, Eint\u00f6pfe, Suppen, K\u00f6fte oder K\u0131s\u0131r, dank seiner vielseitigen Einsatzm\u00f6glichkeiten gelingt er zuverl\u00e4ssig und bringt eine authentische, herzhafte Note in jedes Gericht. Au\u00dferdem ist er schnell zubereitet. Das macht sie perfekt f\u00fcr den Alltag, ohne auf Qualit\u00e4t zu verzichten. Dere Ceri\u015f Bulgur steht f\u00fcr traditionellen Genuss und bewusste Ern\u00e4hrung in einer Packung. <\/span><\/p>","protected":false},"featured_media":829,"comment_status":"open","ping_status":"closed","template":"","meta":{"_acf_changed":false},"product_brand":[],"product_cat":[21],"product_tag":[],"class_list":{"0":"post-6415","1":"product","2":"type-product","3":"status-publish","4":"has-post-thumbnail","6":"product_cat-getreideprodukte","8":"first","9":"instock","10":"shipping-taxable","11":"product-type-simple"},"acf":[],"_links":{"self":[{"href":"https:\/\/derebakliyat.de\/en\/wp-json\/wp\/v2\/product\/6415","targetHints":{"allow":["GET"]}}],"collection":[{"href":"https:\/\/derebakliyat.de\/en\/wp-json\/wp\/v2\/product"}],"about":[{"href":"https:\/\/derebakliyat.de\/en\/wp-json\/wp\/v2\/types\/product"}],"replies":[{"embeddable":true,"href":"https:\/\/derebakliyat.de\/en\/wp-json\/wp\/v2\/comments?post=6415"}],"wp:featuredmedia":[{"embeddable":true,"href":"https:\/\/derebakliyat.de\/en\/wp-json\/wp\/v2\/media\/829"}],"wp:attachment":[{"href":"https:\/\/derebakliyat.de\/en\/wp-json\/wp\/v2\/media?parent=6415"}],"wp:term":[{"taxonomy":"product_brand","embeddable":true,"href":"https:\/\/derebakliyat.de\/en\/wp-json\/wp\/v2\/product_brand?post=6415"},{"taxonomy":"product_cat","embeddable":true,"href":"https:\/\/derebakliyat.de\/en\/wp-json\/wp\/v2\/product_cat?post=6415"},{"taxonomy":"product_tag","embeddable":true,"href":"https:\/\/derebakliyat.de\/en\/wp-json\/wp\/v2\/product_tag?post=6415"}],"curies":[{"name":"wp","href":"https:\/\/api.w.org\/{rel}","templated":true}]}}