{"id":6413,"date":"2026-02-23T11:24:37","date_gmt":"2026-02-23T11:24:37","guid":{"rendered":"https:\/\/derebakliyat.de\/produkt\/weizengrutze-extra-grob-1000-gr\/"},"modified":"2026-03-04T14:34:00","modified_gmt":"2026-03-04T14:34:00","slug":"weizengruetze-extra-grob-1000-g","status":"publish","type":"product","link":"https:\/\/derebakliyat.de\/en\/product\/weizengruetze-extra-grob-1000-g\/","title":{"rendered":"Extra Coarse Cracked Wheat 1000 g"},"content":{"rendered":"","protected":false},"excerpt":{"rendered":"<p><span style=\"font-weight: 400;\">Ba\u015fba\u015f\u0131 Bulgur ist eine besondere Bulgur-Sorte mit grober K\u00f6rnung, die durch das Brechen in der Steinm\u00fchle gewonnen wird. Weil der Weizen vor dem Zerkleinern gesch\u00e4lt wird, kommt sein Aroma besonders klar zur Geltung. Nach dem Kochen ist Ba\u015fba\u015f\u0131 Bulgur im Vergleich zu klassischem Bulgur deutlich gr\u00f6ber, kr\u00e4ftiger im Biss und angenehm s\u00e4ttigend. <\/span><\/p>\n<p>&nbsp;<\/p>\n<p><span style=\"font-weight: 400;\">Dank seiner extra groben Struktur bleibt er in Bulgur-Pilaw, Schmorgerichten und Eint\u00f6pfen formstabil. Gleichzeitig ist er vielseitig einsetzbar, zum Beispiel in Suppen, Salaten sowie f\u00fcr Dolma und Sarma. In einigen regionalen Rezepten wird er sogar f\u00fcr S\u00fc\u00dfspeisen verwendet und bietet damit ein breites Anwendungsspektrum in der K\u00fcche. <\/span><\/p>","protected":false},"featured_media":826,"comment_status":"open","ping_status":"closed","template":"","meta":{"_acf_changed":false},"product_brand":[],"product_cat":[21],"product_tag":[],"class_list":{"0":"post-6413","1":"product","2":"type-product","3":"status-publish","4":"has-post-thumbnail","6":"product_cat-getreideprodukte","8":"first","9":"instock","10":"shipping-taxable","11":"product-type-simple"},"acf":[],"_links":{"self":[{"href":"https:\/\/derebakliyat.de\/en\/wp-json\/wp\/v2\/product\/6413","targetHints":{"allow":["GET"]}}],"collection":[{"href":"https:\/\/derebakliyat.de\/en\/wp-json\/wp\/v2\/product"}],"about":[{"href":"https:\/\/derebakliyat.de\/en\/wp-json\/wp\/v2\/types\/product"}],"replies":[{"embeddable":true,"href":"https:\/\/derebakliyat.de\/en\/wp-json\/wp\/v2\/comments?post=6413"}],"wp:featuredmedia":[{"embeddable":true,"href":"https:\/\/derebakliyat.de\/en\/wp-json\/wp\/v2\/media\/826"}],"wp:attachment":[{"href":"https:\/\/derebakliyat.de\/en\/wp-json\/wp\/v2\/media?parent=6413"}],"wp:term":[{"taxonomy":"product_brand","embeddable":true,"href":"https:\/\/derebakliyat.de\/en\/wp-json\/wp\/v2\/product_brand?post=6413"},{"taxonomy":"product_cat","embeddable":true,"href":"https:\/\/derebakliyat.de\/en\/wp-json\/wp\/v2\/product_cat?post=6413"},{"taxonomy":"product_tag","embeddable":true,"href":"https:\/\/derebakliyat.de\/en\/wp-json\/wp\/v2\/product_tag?post=6413"}],"curies":[{"name":"wp","href":"https:\/\/api.w.org\/{rel}","templated":true}]}}