{"id":6410,"date":"2026-02-23T11:24:37","date_gmt":"2026-02-23T11:24:37","guid":{"rendered":"https:\/\/derebakliyat.de\/produkt\/weizengrutze-grob-dunkel-1000-gr\/"},"modified":"2026-03-04T14:33:47","modified_gmt":"2026-03-04T14:33:47","slug":"weizengruetze-grob-dunkel-1000-g","status":"publish","type":"product","link":"https:\/\/derebakliyat.de\/en\/produkt\/weizengruetze-grob-dunkel-1000-g\/","title":{"rendered":"Coarse &amp; Dark Cracked Wheat 1000 g"},"content":{"rendered":"","protected":false},"excerpt":{"rendered":"<p><span style=\"font-weight: 400;\">Diese grobk\u00f6rnige, dunkle Weizengr\u00fctze ist vor allem f\u00fcr traditionelle t\u00fcrkische Pilawgerichte gemacht. Mit seinem kr\u00e4ftigen, vollmundigen Geschmack und der angenehm weichen Struktur liefert dieser Pilaw-Bulgur eine reichhaltige Grundlage f\u00fcr herzhafte Mahlzeiten. Das macht ihn ideal f\u00fcr alle, die authentische K\u00fcche lieben. Ob Pilaw, Dolma-F\u00fcllungen oder verschiedenste Pfannengerichte und Beilagen, dieser dunkler Bulgur ist vielseitig einsetzbar und gelingt zuverl\u00e4ssig. <\/span><\/p>\n<p>&nbsp;<\/p>\n<p><span style=\"font-weight: 400;\">Durch seine weiche Beschaffenheit l\u00e4sst er sich zudem schnell garen. So ist er perfekt f\u00fcr den Alltag, wenn es unkompliziert, aber hochwertig sein soll. Er ist reich an Protein, Ballaststoffen, Vitaminen und Mineralstoffen und sorgt dank seines hohen Ballaststoffgehalts f\u00fcr ein lang anhaltendes S\u00e4ttigungsgef\u00fchl. Produziert mit traditionellen Herstellungsverfahren steht der dunkler Pilaw-Bulgur von Dere f\u00fcr bew\u00e4hrte Qualit\u00e4t und echten Genuss.<\/span><\/p>","protected":false},"featured_media":823,"comment_status":"open","ping_status":"closed","template":"","meta":{"_acf_changed":false},"product_brand":[],"product_cat":[21],"product_tag":[],"class_list":{"0":"post-6410","1":"product","2":"type-product","3":"status-publish","4":"has-post-thumbnail","6":"product_cat-getreideprodukte","8":"first","9":"instock","10":"shipping-taxable","11":"product-type-simple"},"acf":[],"_links":{"self":[{"href":"https:\/\/derebakliyat.de\/en\/wp-json\/wp\/v2\/product\/6410","targetHints":{"allow":["GET"]}}],"collection":[{"href":"https:\/\/derebakliyat.de\/en\/wp-json\/wp\/v2\/product"}],"about":[{"href":"https:\/\/derebakliyat.de\/en\/wp-json\/wp\/v2\/types\/product"}],"replies":[{"embeddable":true,"href":"https:\/\/derebakliyat.de\/en\/wp-json\/wp\/v2\/comments?post=6410"}],"wp:featuredmedia":[{"embeddable":true,"href":"https:\/\/derebakliyat.de\/en\/wp-json\/wp\/v2\/media\/823"}],"wp:attachment":[{"href":"https:\/\/derebakliyat.de\/en\/wp-json\/wp\/v2\/media?parent=6410"}],"wp:term":[{"taxonomy":"product_brand","embeddable":true,"href":"https:\/\/derebakliyat.de\/en\/wp-json\/wp\/v2\/product_brand?post=6410"},{"taxonomy":"product_cat","embeddable":true,"href":"https:\/\/derebakliyat.de\/en\/wp-json\/wp\/v2\/product_cat?post=6410"},{"taxonomy":"product_tag","embeddable":true,"href":"https:\/\/derebakliyat.de\/en\/wp-json\/wp\/v2\/product_tag?post=6410"}],"curies":[{"name":"wp","href":"https:\/\/api.w.org\/{rel}","templated":true}]}}