{"id":6406,"date":"2026-02-23T11:24:37","date_gmt":"2026-02-23T11:24:37","guid":{"rendered":"https:\/\/derebakliyat.de\/produkt\/weizengrutze-extra-fein-5000-gr\/"},"modified":"2026-03-08T09:03:45","modified_gmt":"2026-03-08T09:03:45","slug":"weizengruetze-extra-fein-5000-g","status":"publish","type":"product","link":"https:\/\/derebakliyat.de\/en\/product\/weizengruetze-extra-fein-5000-g\/","title":{"rendered":"Extra Fine Cracked Wheat 5000 g"},"content":{"rendered":"","protected":false},"excerpt":{"rendered":"<p><span style=\"font-weight: 400;\">Die extra feine Weizengr\u00fctze ist die ideale Wahl f\u00fcr alle, die feine Textur, schnelle Zubereitung und authentischen Geschmack sch\u00e4tzen. Durch die extra feine K\u00f6rnung l\u00e4sst sie sich besonders gut verarbeiten und sorgt f\u00fcr ein leichtes, cremiges Ergebnis \u2013 perfekt vor allem f\u00fcr \u00c7i\u011f K\u00f6fte, aber auch f\u00fcr Suppen, Aufl\u00e4ufe, F\u00fcllungen und viele weitere Rezepte. Diese Weizengr\u00fctze wird in einem besonders feinen Mahlprozess hergestellt, damit sie Fl\u00fcssigkeit optimal aufnimmt und sich hervorragend kneten l\u00e4sst. <\/span><\/p>\n<p><span style=\"font-weight: 400;\">So entsteht eine harmonische Konsistenz und ein reichhaltiger, s\u00e4ttigender Geschmack, wie man ihn von echter Hausmannskost kennt. Ob klassisch f\u00fcr \u00c7i\u011f K\u00f6fte oder kreativ in der Alltagsk\u00fcche, mit Dere gelingt dir jedes Gericht zuverl\u00e4ssig und lecker. Ein Produkt f\u00fcr Genie\u00dfer, die Qualit\u00e4t und Tradition auf den Tisch bringen m\u00f6chten. <\/span><\/p>","protected":false},"featured_media":847,"comment_status":"open","ping_status":"closed","template":"","meta":{"_acf_changed":false},"product_brand":[],"product_cat":[21],"product_tag":[],"class_list":{"0":"post-6406","1":"product","2":"type-product","3":"status-publish","4":"has-post-thumbnail","6":"product_cat-getreideprodukte","8":"first","9":"instock","10":"shipping-taxable","11":"product-type-simple"},"acf":[],"_links":{"self":[{"href":"https:\/\/derebakliyat.de\/en\/wp-json\/wp\/v2\/product\/6406","targetHints":{"allow":["GET"]}}],"collection":[{"href":"https:\/\/derebakliyat.de\/en\/wp-json\/wp\/v2\/product"}],"about":[{"href":"https:\/\/derebakliyat.de\/en\/wp-json\/wp\/v2\/types\/product"}],"replies":[{"embeddable":true,"href":"https:\/\/derebakliyat.de\/en\/wp-json\/wp\/v2\/comments?post=6406"}],"wp:featuredmedia":[{"embeddable":true,"href":"https:\/\/derebakliyat.de\/en\/wp-json\/wp\/v2\/media\/847"}],"wp:attachment":[{"href":"https:\/\/derebakliyat.de\/en\/wp-json\/wp\/v2\/media?parent=6406"}],"wp:term":[{"taxonomy":"product_brand","embeddable":true,"href":"https:\/\/derebakliyat.de\/en\/wp-json\/wp\/v2\/product_brand?post=6406"},{"taxonomy":"product_cat","embeddable":true,"href":"https:\/\/derebakliyat.de\/en\/wp-json\/wp\/v2\/product_cat?post=6406"},{"taxonomy":"product_tag","embeddable":true,"href":"https:\/\/derebakliyat.de\/en\/wp-json\/wp\/v2\/product_tag?post=6406"}],"curies":[{"name":"wp","href":"https:\/\/api.w.org\/{rel}","templated":true}]}}