{"id":6401,"date":"2026-02-23T11:24:36","date_gmt":"2026-02-23T11:24:36","guid":{"rendered":"https:\/\/derebakliyat.de\/produkt\/weizengrutze-fein-1000-gr\/"},"modified":"2026-03-08T09:15:23","modified_gmt":"2026-03-08T09:15:23","slug":"weizengruetze-fein-1000-g","status":"publish","type":"product","link":"https:\/\/derebakliyat.de\/en\/product\/weizengruetze-fein-1000-g\/","title":{"rendered":"Fine Cracked Wheat 1000 g"},"content":{"rendered":"","protected":false},"excerpt":{"rendered":"<p><span style=\"font-weight: 400;\">Feine Weizengr\u00fctze ist die ideale Wahl f\u00fcr alle, die traditionelle Gerichte wie K\u0131s\u0131r (Bulgursalat) und K\u00f6fte mit perfekter Textur zubereiten m\u00f6chten. Hergestellt aus hochwertigem Hartweizen \u00fcberzeugt sie durch ihre feine K\u00f6rnung, die Gew\u00fcrze, Kr\u00e4uter und Saucen besonders gut aufnimmt und so f\u00fcr ein intensives, ausgewogenes Aroma sorgt.<\/span><\/p>\n<p>&nbsp;<\/p>\n<p><span style=\"font-weight: 400;\">Als nat\u00fcrlicher Lieferant von Ballaststoffen, pflanzlichem Eiwei\u00df sowie wichtigen Mineralstoffen und Vitaminen passt sie hervorragend in eine bewusste Ern\u00e4hrung. Gleichzeitig ist die Zubereitung unkompliziert: Durch die feine Struktur wird sie schnell weich und gelingt zuverl\u00e4ssig, egal ob f\u00fcr Salate, F\u00fcllungen oder herzhafte Beilagen.<\/span><\/p>","protected":false},"featured_media":842,"comment_status":"open","ping_status":"closed","template":"","meta":{"_acf_changed":false},"product_brand":[],"product_cat":[21],"product_tag":[],"class_list":{"0":"post-6401","1":"product","2":"type-product","3":"status-publish","4":"has-post-thumbnail","6":"product_cat-getreideprodukte","8":"first","9":"instock","10":"shipping-taxable","11":"product-type-simple"},"acf":[],"_links":{"self":[{"href":"https:\/\/derebakliyat.de\/en\/wp-json\/wp\/v2\/product\/6401","targetHints":{"allow":["GET"]}}],"collection":[{"href":"https:\/\/derebakliyat.de\/en\/wp-json\/wp\/v2\/product"}],"about":[{"href":"https:\/\/derebakliyat.de\/en\/wp-json\/wp\/v2\/types\/product"}],"replies":[{"embeddable":true,"href":"https:\/\/derebakliyat.de\/en\/wp-json\/wp\/v2\/comments?post=6401"}],"wp:featuredmedia":[{"embeddable":true,"href":"https:\/\/derebakliyat.de\/en\/wp-json\/wp\/v2\/media\/842"}],"wp:attachment":[{"href":"https:\/\/derebakliyat.de\/en\/wp-json\/wp\/v2\/media?parent=6401"}],"wp:term":[{"taxonomy":"product_brand","embeddable":true,"href":"https:\/\/derebakliyat.de\/en\/wp-json\/wp\/v2\/product_brand?post=6401"},{"taxonomy":"product_cat","embeddable":true,"href":"https:\/\/derebakliyat.de\/en\/wp-json\/wp\/v2\/product_cat?post=6401"},{"taxonomy":"product_tag","embeddable":true,"href":"https:\/\/derebakliyat.de\/en\/wp-json\/wp\/v2\/product_tag?post=6401"}],"curies":[{"name":"wp","href":"https:\/\/api.w.org\/{rel}","templated":true}]}}