{"id":6875,"date":"2026-02-24T15:54:33","date_gmt":"2026-02-24T15:54:33","guid":{"rendered":"https:\/\/derebakliyat.de\/?page_id=6875"},"modified":"2026-03-06T09:24:57","modified_gmt":"2026-03-06T09:24:57","slug":"impressum","status":"publish","type":"page","link":"https:\/\/derebakliyat.de\/en\/impressum\/","title":{"rendered":"Impressum"},"content":{"rendered":"<style>.elementor-6875 .elementor-element.elementor-element-4d3f6e2{--display:flex;--margin-top:50px;--margin-bottom:50px;--margin-left:0px;--margin-right:0px;}.elementor-6875 .elementor-element.elementor-element-e5aaa02 .elementor-heading-title{font-size:15px;line-height:21px;color:var( --e-global-color-secondary );}.elementor-6875 .elementor-element.elementor-element-e5aaa02{margin:0px 0px calc(var(--kit-widget-spacing, 0px) + 0px) 0px;}@media(max-width:767px){.elementor-6875 .elementor-element.elementor-element-4d3f6e2{--margin-top:0px;--margin-bottom:0px;--margin-left:0px;--margin-right:0px;--padding-top:20px;--padding-bottom:20px;--padding-left:20px;--padding-right:20px;}}<\/style>\t\t<div data-elementor-type=\"wp-page\" data-elementor-id=\"6875\" class=\"elementor elementor-6875\" data-elementor-post-type=\"page\">\n\t\t\t\t<div class=\"elementor-element elementor-element-4d3f6e2 e-flex e-con-boxed e-con e-parent\" data-id=\"4d3f6e2\" data-element_type=\"container\" data-e-type=\"container\">\n\t\t\t\t\t<div class=\"e-con-inner\">\n\t\t\t\t<div class=\"elementor-element elementor-element-2c905d8 elementor-widget elementor-widget-text-editor\" data-id=\"2c905d8\" data-element_type=\"widget\" data-e-type=\"widget\" data-widget_type=\"text-editor.default\">\n\t\t\t\t\t\t\t\t\t<p data-start=\"0\" data-end=\"13\"><strong data-start=\"0\" data-end=\"13\">Impressum<\/strong><\/p><p data-start=\"15\" data-end=\"87\">Ein Markenname der WBZ NORD GmbH<br data-start=\"47\" data-end=\"50\" \/>Banksstrasse 1 \u2013 28<br data-start=\"69\" data-end=\"72\" \/>20097 Hamburg<\/p><p data-start=\"89\" data-end=\"153\">Handelsregister: 121065<br data-start=\"112\" data-end=\"115\" \/>Registergericht: Amtsgericht Hamburg<\/p><p data-start=\"155\" data-end=\"194\"><strong data-start=\"155\" data-end=\"175\">Vertreten durch:<\/strong><br data-start=\"175\" data-end=\"178\" \/>Baris Sahing\u00f6z<\/p><p data-start=\"196\" data-end=\"207\"><strong data-start=\"196\" data-end=\"207\">Contact<\/strong><\/p><p data-start=\"209\" data-end=\"259\">Telefon: 040 767951990<br data-start=\"231\" data-end=\"234\" \/>E-Mail: <a class=\"decorated-link cursor-pointer\" rel=\"noopener\" data-start=\"242\" data-end=\"257\">info@wbznord.de<\/a><\/p><p data-start=\"261\" data-end=\"280\"><strong data-start=\"261\" data-end=\"280\">Umsatzsteuer-ID<\/strong><\/p><p data-start=\"282\" data-end=\"366\">Umsatzsteuer-Identifikationsnummer gem\u00e4\u00df \u00a7 27 a Umsatzsteuergesetz:<br data-start=\"349\" data-end=\"352\" \/>DE 280898649<\/p><p data-start=\"368\" data-end=\"428\"><strong data-start=\"368\" data-end=\"428\">Verbraucherstreitbeilegung \/ Universalschlichtungsstelle<\/strong><\/p><p data-start=\"430\" data-end=\"553\" data-is-last-node=\"\" data-is-only-node=\"\">Wir sind nicht bereit oder verpflichtet, an Streitbeilegungsverfahren vor einer Verbraucherschlichtungsstelle teilzunehmen.<\/p>\t\t\t\t\t\t\t\t<\/div>\n\t\t\t\t<div class=\"elementor-element elementor-element-e5aaa02 elementor-widget elementor-widget-heading\" data-id=\"e5aaa02\" data-element_type=\"widget\" data-e-type=\"widget\" data-widget_type=\"heading.default\">\n\t\t\t\t\t<h2 class=\"elementor-heading-title elementor-size-default\"><a href=\"https:\/\/tutusmedia.com\/\" target=\"_blank\">Webdesign &amp; Umsetzung <br \/>\nTUTUS MEDIA\n<\/a><\/h2>\t\t\t\t<\/div>\n\t\t\t\t\t<\/div>\n\t\t\t\t<\/div>\n\t\t\t\t<\/div>","protected":false},"excerpt":{"rendered":"<p>Impressum Ein Markenname der WBZ NORD GmbHBanksstrasse 1 \u2013 2820097 Hamburg Handelsregister: 121065Registergericht: Amtsgericht Hamburg Vertreten durch:Baris Sahing\u00f6z Kontakt Telefon: 040 767951990E-Mail: info@wbznord.de Umsatzsteuer-ID Umsatzsteuer-Identifikationsnummer gem\u00e4\u00df \u00a7 27 a Umsatzsteuergesetz:DE 280898649 Verbraucherstreitbeilegung \/ Universalschlichtungsstelle Wir sind nicht bereit oder verpflichtet, an Streitbeilegungsverfahren vor einer Verbraucherschlichtungsstelle teilzunehmen. Webdesign &amp; Umsetzung TUTUS MEDIA<\/p>","protected":false},"author":1,"featured_media":0,"parent":0,"menu_order":0,"comment_status":"closed","ping_status":"closed","template":"elementor_header_footer","meta":{"_acf_changed":false,"footnotes":""},"class_list":["post-6875","page","type-page","status-publish","hentry"],"acf":[],"_links":{"self":[{"href":"https:\/\/derebakliyat.de\/en\/wp-json\/wp\/v2\/pages\/6875","targetHints":{"allow":["GET"]}}],"collection":[{"href":"https:\/\/derebakliyat.de\/en\/wp-json\/wp\/v2\/pages"}],"about":[{"href":"https:\/\/derebakliyat.de\/en\/wp-json\/wp\/v2\/types\/page"}],"author":[{"embeddable":true,"href":"https:\/\/derebakliyat.de\/en\/wp-json\/wp\/v2\/users\/1"}],"replies":[{"embeddable":true,"href":"https:\/\/derebakliyat.de\/en\/wp-json\/wp\/v2\/comments?post=6875"}],"version-history":[{"count":14,"href":"https:\/\/derebakliyat.de\/en\/wp-json\/wp\/v2\/pages\/6875\/revisions"}],"predecessor-version":[{"id":7648,"href":"https:\/\/derebakliyat.de\/en\/wp-json\/wp\/v2\/pages\/6875\/revisions\/7648"}],"wp:attachment":[{"href":"https:\/\/derebakliyat.de\/en\/wp-json\/wp\/v2\/media?parent=6875"}],"curies":[{"name":"wp","href":"https:\/\/api.w.org\/{rel}","templated":true}]}}